{"id":20823,"date":"2025-08-08T07:39:10","date_gmt":"2025-08-08T07:39:10","guid":{"rendered":"https:\/\/www.maisonsignore.it\/?post_type=product&#038;p=20823"},"modified":"2026-04-27T15:18:42","modified_gmt":"2026-04-27T15:18:42","slug":"hanako","status":"publish","type":"product","link":"https:\/\/www.maisonsignore.it\/en\/prodotto\/hanako\/","title":{"rendered":"Hanako"},"content":{"rendered":"<p>[et_pb_section fb_built=&#8221;1&#8243; disabled_on=&#8221;off|off|off&#8221; _builder_version=&#8221;4.27.0&#8243; custom_padding=&#8221;0px||||false|false&#8221; global_colors_info=&#8221;{}&#8221;][et_pb_row _builder_version=&#8221;4.27.0&#8243; background_size=&#8221;initial&#8221; background_position=&#8221;top_left&#8221; background_repeat=&#8221;repeat&#8221; width=&#8221;100%&#8221; width_tablet=&#8221;100%&#8221; width_phone=&#8221;80%&#8221; width_last_edited=&#8221;on|phone&#8221; custom_margin=&#8221;||||false|false&#8221; custom_padding=&#8221;0px||0px||false|false&#8221; global_colors_info=&#8221;{}&#8221;][et_pb_column type=&#8221;4_4&#8243; _builder_version=&#8221;4.27.0&#8243; custom_padding=&#8221;|||&#8221; global_colors_info=&#8221;{}&#8221; custom_padding__hover=&#8221;|||&#8221;][et_pb_wc_breadcrumb _builder_version=&#8221;4.16&#8243; global_colors_info=&#8221;{}&#8221;][\/et_pb_wc_breadcrumb][\/et_pb_column][\/et_pb_row][et_pb_row column_structure=&#8221;1_2,1_2&#8243; disabled_on=&#8221;off|off|off&#8221; _builder_version=&#8221;4.27.0&#8243; background_size=&#8221;initial&#8221; background_position=&#8221;top_left&#8221; background_repeat=&#8221;repeat&#8221; width=&#8221;100%&#8221; custom_padding=&#8221;0px||||false|false&#8221; global_colors_info=&#8221;{}&#8221;][et_pb_column type=&#8221;1_2&#8243; _builder_version=&#8221;4.27.0&#8243; custom_padding=&#8221;0px||||false|false&#8221; sticky_limit_top=&#8221;row&#8221; sticky_limit_bottom=&#8221;row&#8221; sticky_position_tablet=&#8221;none&#8221; sticky_position_phone=&#8221;none&#8221; sticky_position_last_edited=&#8221;off|desktop&#8221; global_colors_info=&#8221;{}&#8221; custom_padding__hover=&#8221;|||&#8221;][et_pb_wc_images _builder_version=&#8221;4.27.0&#8243; global_colors_info=&#8221;{}&#8221;][\/et_pb_wc_images][\/et_pb_column][et_pb_column type=&#8221;1_2&#8243; _builder_version=&#8221;4.27.0&#8243; custom_padding=&#8221;|||&#8221; custom_padding_tablet=&#8221;|||&#8221; custom_padding_phone=&#8221;|10vw||10vw|false|true&#8221; custom_padding_last_edited=&#8221;on|phone&#8221; global_colors_info=&#8221;{}&#8221; custom_padding__hover=&#8221;|||&#8221;][et_pb_text _builder_version=&#8221;4.27.0&#8243; _dynamic_attributes=&#8221;content&#8221; _module_preset=&#8221;default&#8221; text_font=&#8221;Playfair Display||||||||&#8221; custom_margin=&#8221;0px||||false|false&#8221; custom_padding=&#8221;0px||0px||false|false&#8221; global_colors_info=&#8221;{}&#8221;]@ET-DC@eyJkeW5hbWljIjp0cnVlLCJjb250ZW50IjoicG9zdF90YWdzIiwic2V0dGluZ3MiOnsiYmVmb3JlIjoiIiwiYWZ0ZXIiOiIiLCJsaW5rX3RvX3Rlcm1fcGFnZSI6Im9uIiwic2VwYXJhdG9yIjoiIHwgIiwiY2F0ZWdvcnlfdHlwZSI6InByb2R1Y3RfdGFnIn19@[\/et_pb_text][et_pb_wc_title _builder_version=&#8221;4.25.2&#8243; header_font=&#8221;Playfair Display||||||||&#8221; custom_margin=&#8221;-28px||||false|false&#8221; custom_padding=&#8221;0px||0px||false|false&#8221; global_colors_info=&#8221;{}&#8221;][\/et_pb_wc_title][et_pb_text _builder_version=&#8221;4.27.0&#8243; _module_preset=&#8221;default&#8221; text_font=&#8221;Playfair Display||||||||&#8221; text_font_size=&#8221;15px&#8221; global_colors_info=&#8221;{}&#8221;]<\/p>\n<p><strong>There is something magical about change. <\/strong>It\u2019s that quiet force that flows through us <strong>shapes us, and invites us, day after day, to rediscover who we are. <\/strong>Hanako is born from this very essence: a design created for those who long to express themselves in a thousand shades.<\/p>\n<p><strong>It\u2019s not just a look, but a universe of possibilities<\/strong>. <strong>Every element<\/strong>, the mermaid silhouette, the voluminous overskirt, the ethereal cape, <strong>lets you choose who you want to be in every moment<\/strong>.<\/p>\n<p>Sweet yet strong. Elegant yet bold. Shy yet fierce.  <\/p>\n<p><strong>This gown doesn\u2019t simply dress you: it accompanies you as you change, evolve, express yourself.<\/strong><\/p>\n<p>[\/et_pb_text][et_pb_divider color=&#8221;#575757&#8243; _builder_version=&#8221;4.24.3&#8243; _module_preset=&#8221;default&#8221; global_colors_info=&#8221;{}&#8221;][\/et_pb_divider][et_pb_text _builder_version=&#8221;4.27.0&#8243; _module_preset=&#8221;default&#8221; text_font=&#8221;Playfair Display||||||||&#8221; text_font_size=&#8221;15px&#8221; custom_margin=&#8221;-14px|||||&#8221; global_colors_info=&#8221;{}&#8221;]<\/p>\n<h2>Technical Description<\/h2>\n<p><strong>Hanako is a mermaid bridal gown<\/strong>, made with layered couture logic to create a versatile multi-look ensemble. <strong>At its heart is a structured bodice in Chantilly lace<\/strong>, adorned with three-dimensional floral appliqu\u00e9s that bloom from the dress, enhancing the d\u00e9collet\u00e9 and shoulders with a sweetheart neckline and molded cups for graceful support and shape.<\/p>\n<p><strong>The fit-and-flare skirt, made from the same floral lace, naturally flows along the figure, with the cascade of flowers trailing seamlessly from the bodice<\/strong>, enhancing the visual dynamism of the dress. <strong>The back has a straight neckline<\/strong> that continues the uninterrupted floral motif.<\/p>\n<p><strong>The true innovation lies in its high-waisted overskirt and a detachable cape<\/strong>, <strong>both made in matching Chantilly lace<\/strong>. <strong>These pieces are thought to give the bride the chance to transform her look throughout the day: they add volume, drama, or ethereal lightness, depending on the desired effect.<\/strong><\/p>\n<p>Every detail is crafted with the artistry of Maison Signore: <strong>hand-applied 3D flowers in varying sizes on a Chantilly lace base<\/strong>, carefully chosen to create depth, texture, and movement, for a perfect balance of structure and lightness.<\/p>\n<p>[\/et_pb_text][et_pb_divider color=&#8221;#575757&#8243; _builder_version=&#8221;4.24.3&#8243; _module_preset=&#8221;default&#8221; global_colors_info=&#8221;{}&#8221;][\/et_pb_divider][et_pb_toggle title=&#8221;About Hanako&#8221; open_toggle_background_color=&#8221;#FFFFFF&#8221; closed_toggle_background_color=&#8221;#FFFFFF&#8221; icon_color=&#8221;#575757&#8243; toggle_icon=&#8221;&#x3b;||divi||400&#8243; use_icon_font_size=&#8221;on&#8221; icon_font_size=&#8221;24px&#8221; _builder_version=&#8221;4.27.0&#8243; _module_preset=&#8221;default&#8221; title_level=&#8221;h3&#8243; title_font=&#8221;Playfair Display||||||||&#8221; title_font_size=&#8221;22px&#8221; closed_title_font=&#8221;Playfair Display||||||||&#8221; body_font=&#8221;Playfair Display||||||||&#8221; custom_padding=&#8221;0px||||false|false&#8221; border_width_all=&#8221;0px&#8221; global_colors_info=&#8221;{}&#8221;]<\/p>\n<ul>\n<li aria-level=\"1\">The sweetheart neckline and dimensional florals enhance the shoulders and d\u00e9collet\u00e9 with refined grace;<\/li>\n<li aria-level=\"1\">Its signature feature: hand-placed 3D flowers applied on Chantilly lace that add movement and personality.<\/li>\n<li aria-level=\"1\">It suits all seasons, but it\u2019s best for the blooming months of spring.<\/li>\n<li aria-level=\"1\">It\u2019s designed to adapt to every moment of the day with three interchangeable pieces;<\/li>\n<li aria-level=\"1\">It\u2019s fully customizable in every detail.<\/li>\n<\/ul>\n<p>[\/et_pb_toggle][et_pb_divider color=&#8221;#575757&#8243; _builder_version=&#8221;4.24.3&#8243; _module_preset=&#8221;default&#8221; global_colors_info=&#8221;{}&#8221;][\/et_pb_divider][et_pb_text _builder_version=&#8221;4.27.0&#8243; _module_preset=&#8221;default&#8221; text_font=&#8221;Playfair Display||||||||&#8221; text_font_size=&#8221;15px&#8221; global_colors_info=&#8221;{}&#8221;]<\/p>\n<h2>Why choose Hanako<\/h2>\n<p><strong>Because Hanako is a story that unfolds minute by minute, piece by piece<\/strong>. It\u2019s a promise to never stand still, a design for the bride who knows how to reinvent herself without ever dimming her light. <\/p>\n<p><strong>With Hanako, you embrace change, discover unexpected sides of yourself, and stay always, beautifully authentic.<\/strong><\/p>\n<p>[\/et_pb_text][et_pb_divider color=&#8221;#575757&#8243; _builder_version=&#8221;4.27.0&#8243; _module_preset=&#8221;default&#8221; global_colors_info=&#8221;{}&#8221;][\/et_pb_divider][et_pb_toggle title=&#8221;We suggest this wedding dress if you want:&#8221; open_toggle_background_color=&#8221;#FFFFFF&#8221; closed_toggle_background_color=&#8221;#FFFFFF&#8221; icon_color=&#8221;#575757&#8243; toggle_icon=&#8221;&#x3b;||divi||400&#8243; use_icon_font_size=&#8221;on&#8221; icon_font_size=&#8221;24px&#8221; _builder_version=&#8221;4.27.0&#8243; _module_preset=&#8221;default&#8221; title_font=&#8221;Playfair Display||||||||&#8221; title_font_size=&#8221;25px&#8221; closed_title_font=&#8221;Playfair Display||||||||&#8221; body_font=&#8221;Playfair Display||||||||&#8221; custom_padding=&#8221;0px||||false|false&#8221; border_width_all=&#8221;0px&#8221; global_colors_info=&#8221;{}&#8221;]<\/p>\n<ol>\n<li aria-level=\"1\">A romantic, \u201cshape-shifting\u201d lace wedding dress<\/li>\n<li aria-level=\"1\">A Chantilly lace mermaid dress with 3D floral appliqu\u00e9s<\/li>\n<li aria-level=\"1\">A Chantilly lace mermaid gown with detachable overskirt and cape<\/li>\n<\/ol>\n<p>[\/et_pb_toggle][\/et_pb_column][\/et_pb_row][et_pb_row disabled_on=&#8221;off|off|off&#8221; _builder_version=&#8221;4.27.0&#8243; _module_preset=&#8221;default&#8221; saved_tabs=&#8221;all&#8221; global_colors_info=&#8221;{}&#8221;][et_pb_column type=&#8221;4_4&#8243; _builder_version=&#8221;4.27.0&#8243; _module_preset=&#8221;default&#8221; global_colors_info=&#8221;{}&#8221;][et_pb_heading title=&#8221;Book an appointment&#8221; _builder_version=&#8221;4.27.0&#8243; _module_preset=&#8221;default&#8221; title_level=&#8221;h2&#8243; title_font=&#8221;|||on|||||&#8221; title_font_size=&#8221;24px&#8221; global_colors_info=&#8221;{}&#8221;][\/et_pb_heading][et_pb_code module_class=&#8221;form-maisonsignore&#8221; _builder_version=&#8221;4.27.0&#8243; _module_preset=&#8221;default&#8221; custom_padding=&#8221;0px||0px||true|false&#8221; global_colors_info=&#8221;{}&#8221;]<script charset=\"utf-8\" type=\"text\/javascript\" src=\"\/\/js-eu1.hsforms.net\/forms\/embed\/v2.js\"><\/script><!-- [et_pb_line_break_holder] --><script><!-- [et_pb_line_break_holder] -->  hbspt.forms.create({<!-- [et_pb_line_break_holder] -->    region: \"eu1\",<!-- [et_pb_line_break_holder] -->    portalId: \"146322093\",<!-- [et_pb_line_break_holder] -->    formId: \"6db36ffd-7612-475e-9a90-2934e5715163\",<!-- [et_pb_line_break_holder] -->    onFormReady: function($form) {<!-- [et_pb_line_break_holder] -->      \/\/ Inserisce uno stile direttamente dentro l'iframe del form<!-- [et_pb_line_break_holder] -->      var styles = `<!-- [et_pb_line_break_holder] -->        \/* Stile per i CAMPI DI INPUT *\/<!-- [et_pb_line_break_holder] -->        input[type=\"text\"], input[type=\"email\"], input[type=\"tel\"], input[type=\"date\"] {<!-- [et_pb_line_break_holder] -->          background-color: #F0F0F0 !important;<!-- [et_pb_line_break_holder] -->          border: none !important;<!-- [et_pb_line_break_holder] -->          border-radius: 5px !important;<!-- [et_pb_line_break_holder] -->          height: 50px !important;<!-- [et_pb_line_break_holder] -->          padding: 10px 20px !important;<!-- [et_pb_line_break_holder] -->        }<!-- [et_pb_line_break_holder] --><!-- [et_pb_line_break_holder] -->        \/* Nascondi le etichette, usa solo il placeholder *\/<!-- [et_pb_line_break_holder] -->        label.hs-label {<!-- [et_pb_line_break_holder] -->           display: none !important;<!-- [et_pb_line_break_holder] -->        }<!-- [et_pb_line_break_holder] --><!-- [et_pb_line_break_holder] -->        \/* Contenitore del pulsante per allinearlo a destra *\/<!-- [et_pb_line_break_holder] -->        .hs-submit {<!-- [et_pb_line_break_holder] -->          text-align: right !important;<!-- [et_pb_line_break_holder] -->          padding-top: 15px !important;<!-- [et_pb_line_break_holder] -->        }<!-- [et_pb_line_break_holder] --><!-- [et_pb_line_break_holder] -->        \/* Stile per il PULSANTE DI INVIO *\/<!-- [et_pb_line_break_holder] -->        .hs-button {<!-- [et_pb_line_break_holder] -->          background-color: #585858 !important;<!-- [et_pb_line_break_holder] -->          color: #FFFFFF !important;<!-- [et_pb_line_break_holder] -->          border-radius: 50px !important;<!-- [et_pb_line_break_holder] -->          padding: 12px 35px !important;<!-- [et_pb_line_break_holder] -->          text-transform: uppercase !important;<!-- [et_pb_line_break_holder] -->          font-weight: 600 !important;<!-- [et_pb_line_break_holder] -->          font-size: 14px !important;<!-- [et_pb_line_break_holder] -->        }<!-- [et_pb_line_break_holder] --><!-- [et_pb_line_break_holder] -->        \/* Stile per la checkbox della privacy *\/<!-- [et_pb_line_break_holder] -->        .hs-form-booleancheckbox-display {<!-- [et_pb_line_break_holder] -->           color: #555 !important;<!-- [et_pb_line_break_holder] -->           font-size: 14px !important;<!-- [et_pb_line_break_holder] -->        }<!-- [et_pb_line_break_holder] -->        input[type=\"checkbox\"] {<!-- [et_pb_line_break_holder] -->           background-color: #F0F0F0 !important;<!-- [et_pb_line_break_holder] -->        }<!-- [et_pb_line_break_holder] -->      `;<!-- [et_pb_line_break_holder] -->      var styleSheet = document.createElement(\"style\");<!-- [et_pb_line_break_holder] -->      styleSheet.type = \"text\/css\";<!-- [et_pb_line_break_holder] -->      styleSheet.innerText = styles;<!-- [et_pb_line_break_holder] -->      \/\/ Applica lo stile all'iframe<!-- [et_pb_line_break_holder] -->      $form.closest('body').parent().find('head').append(styleSheet);<!-- [et_pb_line_break_holder] -->    }<!-- [et_pb_line_break_holder] -->  });<!-- [et_pb_line_break_holder] --><\/script>[\/et_pb_code][\/et_pb_column][\/et_pb_row][et_pb_row disabled_on=&#8221;on|on|off&#8221; _builder_version=&#8221;4.25.2&#8243; _module_preset=&#8221;default&#8221; global_colors_info=&#8221;{}&#8221;][et_pb_column type=&#8221;4_4&#8243; _builder_version=&#8221;4.25.2&#8243; _module_preset=&#8221;default&#8221; global_colors_info=&#8221;{}&#8221;][et_pb_wc_related_products _builder_version=&#8221;4.25.2&#8243; _module_preset=&#8221;default&#8221; global_colors_info=&#8221;{}&#8221;][\/et_pb_wc_related_products][\/et_pb_column][\/et_pb_row][\/et_pb_section]<\/p>\n","protected":false},"excerpt":{"rendered":"<p>There is something magical about change. It\u2019s that quiet force that flows through us shapes us, and invites us, day after day, to rediscover who we are. Hanako is born from this very essence: a design created for those who long to express themselves in a thousand shades. It\u2019s not just a look, but a [&hellip;]<\/p>\n","protected":false},"featured_media":20274,"comment_status":"open","ping_status":"closed","template":"","meta":{"_acf_changed":false,"_et_pb_use_builder":"on","_et_pb_old_content":"","_et_gb_content_width":""},"product_brand":[],"product_cat":[298],"product_tag":[224,232],"class_list":{"0":"post-20823","1":"product","2":"type-product","3":"status-publish","4":"has-post-thumbnail","6":"product_cat-prive","7":"product_tag-lace","8":"product_tag-mermaid-dress","9":"pa_materiale-lace","11":"first","12":"instock","13":"shipping-taxable","14":"product-type-simple"},"acf":[],"yoast_head":"<!-- This site is optimized with the Yoast SEO plugin v27.4 - https:\/\/yoast.com\/product\/yoast-seo-wordpress\/ -->\n<title>Hanako Transformable Mermaid Dress: 3D Lace | Maison Signore<\/title>\n<meta name=\"description\" content=\"Embrace the magic of change. Discover Hanako: a transformable Chantilly lace mermaid wedding dress with 3D flowers and cape. Book a fitting.\" \/>\n<meta name=\"robots\" content=\"index, follow, max-snippet:-1, max-image-preview:large, max-video-preview:-1\" \/>\n<link rel=\"canonical\" href=\"https:\/\/www.maisonsignore.it\/en\/prodotto\/hanako\/\" \/>\n<meta property=\"og:locale\" content=\"en_US\" \/>\n<meta property=\"og:type\" content=\"article\" \/>\n<meta property=\"og:title\" content=\"Hanako Transformable Mermaid Dress: 3D Lace | Maison Signore\" \/>\n<meta property=\"og:description\" content=\"Embrace the magic of change. Discover Hanako: a transformable Chantilly lace mermaid wedding dress with 3D flowers and cape. Book a fitting.\" \/>\n<meta property=\"og:url\" content=\"https:\/\/www.maisonsignore.it\/en\/prodotto\/hanako\/\" \/>\n<meta property=\"og:site_name\" content=\"Maison Signore\" \/>\n<meta property=\"article:modified_time\" content=\"2026-04-27T15:18:42+00:00\" \/>\n<meta property=\"og:image\" content=\"https:\/\/www.maisonsignore.it\/wp-content\/uploads\/2025\/08\/HANAKO-1.png\" \/>\n\t<meta property=\"og:image:width\" content=\"600\" \/>\n\t<meta property=\"og:image:height\" content=\"900\" \/>\n\t<meta property=\"og:image:type\" content=\"image\/png\" \/>\n<meta name=\"twitter:card\" content=\"summary_large_image\" \/>\n<meta name=\"twitter:label1\" content=\"Est. reading time\" \/>\n\t<meta name=\"twitter:data1\" content=\"5 minutes\" \/>\n<script type=\"application\/ld+json\" class=\"yoast-schema-graph\">{\"@context\":\"https:\\\/\\\/schema.org\",\"@graph\":[{\"@type\":\"WebPage\",\"@id\":\"https:\\\/\\\/www.maisonsignore.it\\\/en\\\/prodotto\\\/hanako\\\/\",\"url\":\"https:\\\/\\\/www.maisonsignore.it\\\/en\\\/prodotto\\\/hanako\\\/\",\"name\":\"Hanako Transformable Mermaid Dress: 3D Lace | Maison Signore\",\"isPartOf\":{\"@id\":\"https:\\\/\\\/www.maisonsignore.it\\\/en\\\/#website\"},\"primaryImageOfPage\":{\"@id\":\"https:\\\/\\\/www.maisonsignore.it\\\/en\\\/prodotto\\\/hanako\\\/#primaryimage\"},\"image\":{\"@id\":\"https:\\\/\\\/www.maisonsignore.it\\\/en\\\/prodotto\\\/hanako\\\/#primaryimage\"},\"thumbnailUrl\":\"https:\\\/\\\/www.maisonsignore.it\\\/wp-content\\\/uploads\\\/2025\\\/08\\\/HANAKO-1.png\",\"datePublished\":\"2025-08-08T07:39:10+00:00\",\"dateModified\":\"2026-04-27T15:18:42+00:00\",\"description\":\"Embrace the magic of change. Discover Hanako: a transformable Chantilly lace mermaid wedding dress with 3D flowers and cape. Book a fitting.\",\"breadcrumb\":{\"@id\":\"https:\\\/\\\/www.maisonsignore.it\\\/en\\\/prodotto\\\/hanako\\\/#breadcrumb\"},\"inLanguage\":\"en-US\",\"potentialAction\":[{\"@type\":\"ReadAction\",\"target\":[\"https:\\\/\\\/www.maisonsignore.it\\\/en\\\/prodotto\\\/hanako\\\/\"]}]},{\"@type\":\"ImageObject\",\"inLanguage\":\"en-US\",\"@id\":\"https:\\\/\\\/www.maisonsignore.it\\\/en\\\/prodotto\\\/hanako\\\/#primaryimage\",\"url\":\"https:\\\/\\\/www.maisonsignore.it\\\/wp-content\\\/uploads\\\/2025\\\/08\\\/HANAKO-1.png\",\"contentUrl\":\"https:\\\/\\\/www.maisonsignore.it\\\/wp-content\\\/uploads\\\/2025\\\/08\\\/HANAKO-1.png\",\"width\":600,\"height\":900},{\"@type\":\"BreadcrumbList\",\"@id\":\"https:\\\/\\\/www.maisonsignore.it\\\/en\\\/prodotto\\\/hanako\\\/#breadcrumb\",\"itemListElement\":[{\"@type\":\"ListItem\",\"position\":1,\"name\":\"Home\",\"item\":\"https:\\\/\\\/www.maisonsignore.it\\\/en\\\/\"},{\"@type\":\"ListItem\",\"position\":2,\"name\":\"Shop\",\"item\":\"https:\\\/\\\/www.maisonsignore.it\\\/en\\\/shop\\\/\"},{\"@type\":\"ListItem\",\"position\":3,\"name\":\"Hanako\"}]},{\"@type\":\"WebSite\",\"@id\":\"https:\\\/\\\/www.maisonsignore.it\\\/en\\\/#website\",\"url\":\"https:\\\/\\\/www.maisonsignore.it\\\/en\\\/\",\"name\":\"Maison Signore\",\"description\":\"\",\"potentialAction\":[{\"@type\":\"SearchAction\",\"target\":{\"@type\":\"EntryPoint\",\"urlTemplate\":\"https:\\\/\\\/www.maisonsignore.it\\\/en\\\/?s={search_term_string}\"},\"query-input\":{\"@type\":\"PropertyValueSpecification\",\"valueRequired\":true,\"valueName\":\"search_term_string\"}}],\"inLanguage\":\"en-US\"}]}<\/script>\n<!-- \/ Yoast SEO plugin. -->","yoast_head_json":{"title":"Hanako Transformable Mermaid Dress: 3D Lace | Maison Signore","description":"Embrace the magic of change. Discover Hanako: a transformable Chantilly lace mermaid wedding dress with 3D flowers and cape. Book a fitting.","robots":{"index":"index","follow":"follow","max-snippet":"max-snippet:-1","max-image-preview":"max-image-preview:large","max-video-preview":"max-video-preview:-1"},"canonical":"https:\/\/www.maisonsignore.it\/en\/prodotto\/hanako\/","og_locale":"en_US","og_type":"article","og_title":"Hanako Transformable Mermaid Dress: 3D Lace | Maison Signore","og_description":"Embrace the magic of change. Discover Hanako: a transformable Chantilly lace mermaid wedding dress with 3D flowers and cape. Book a fitting.","og_url":"https:\/\/www.maisonsignore.it\/en\/prodotto\/hanako\/","og_site_name":"Maison Signore","article_modified_time":"2026-04-27T15:18:42+00:00","og_image":[{"width":600,"height":900,"url":"https:\/\/www.maisonsignore.it\/wp-content\/uploads\/2025\/08\/HANAKO-1.png","type":"image\/png"}],"twitter_card":"summary_large_image","twitter_misc":{"Est. reading time":"5 minutes"},"schema":{"@context":"https:\/\/schema.org","@graph":[{"@type":"WebPage","@id":"https:\/\/www.maisonsignore.it\/en\/prodotto\/hanako\/","url":"https:\/\/www.maisonsignore.it\/en\/prodotto\/hanako\/","name":"Hanako Transformable Mermaid Dress: 3D Lace | Maison Signore","isPartOf":{"@id":"https:\/\/www.maisonsignore.it\/en\/#website"},"primaryImageOfPage":{"@id":"https:\/\/www.maisonsignore.it\/en\/prodotto\/hanako\/#primaryimage"},"image":{"@id":"https:\/\/www.maisonsignore.it\/en\/prodotto\/hanako\/#primaryimage"},"thumbnailUrl":"https:\/\/www.maisonsignore.it\/wp-content\/uploads\/2025\/08\/HANAKO-1.png","datePublished":"2025-08-08T07:39:10+00:00","dateModified":"2026-04-27T15:18:42+00:00","description":"Embrace the magic of change. Discover Hanako: a transformable Chantilly lace mermaid wedding dress with 3D flowers and cape. Book a fitting.","breadcrumb":{"@id":"https:\/\/www.maisonsignore.it\/en\/prodotto\/hanako\/#breadcrumb"},"inLanguage":"en-US","potentialAction":[{"@type":"ReadAction","target":["https:\/\/www.maisonsignore.it\/en\/prodotto\/hanako\/"]}]},{"@type":"ImageObject","inLanguage":"en-US","@id":"https:\/\/www.maisonsignore.it\/en\/prodotto\/hanako\/#primaryimage","url":"https:\/\/www.maisonsignore.it\/wp-content\/uploads\/2025\/08\/HANAKO-1.png","contentUrl":"https:\/\/www.maisonsignore.it\/wp-content\/uploads\/2025\/08\/HANAKO-1.png","width":600,"height":900},{"@type":"BreadcrumbList","@id":"https:\/\/www.maisonsignore.it\/en\/prodotto\/hanako\/#breadcrumb","itemListElement":[{"@type":"ListItem","position":1,"name":"Home","item":"https:\/\/www.maisonsignore.it\/en\/"},{"@type":"ListItem","position":2,"name":"Shop","item":"https:\/\/www.maisonsignore.it\/en\/shop\/"},{"@type":"ListItem","position":3,"name":"Hanako"}]},{"@type":"WebSite","@id":"https:\/\/www.maisonsignore.it\/en\/#website","url":"https:\/\/www.maisonsignore.it\/en\/","name":"Maison Signore","description":"","potentialAction":[{"@type":"SearchAction","target":{"@type":"EntryPoint","urlTemplate":"https:\/\/www.maisonsignore.it\/en\/?s={search_term_string}"},"query-input":{"@type":"PropertyValueSpecification","valueRequired":true,"valueName":"search_term_string"}}],"inLanguage":"en-US"}]}},"_links":{"self":[{"href":"https:\/\/www.maisonsignore.it\/en\/wp-json\/wp\/v2\/product\/20823","targetHints":{"allow":["GET"]}}],"collection":[{"href":"https:\/\/www.maisonsignore.it\/en\/wp-json\/wp\/v2\/product"}],"about":[{"href":"https:\/\/www.maisonsignore.it\/en\/wp-json\/wp\/v2\/types\/product"}],"replies":[{"embeddable":true,"href":"https:\/\/www.maisonsignore.it\/en\/wp-json\/wp\/v2\/comments?post=20823"}],"wp:featuredmedia":[{"embeddable":true,"href":"https:\/\/www.maisonsignore.it\/en\/wp-json\/wp\/v2\/media\/20274"}],"wp:attachment":[{"href":"https:\/\/www.maisonsignore.it\/en\/wp-json\/wp\/v2\/media?parent=20823"}],"wp:term":[{"taxonomy":"product_brand","embeddable":true,"href":"https:\/\/www.maisonsignore.it\/en\/wp-json\/wp\/v2\/product_brand?post=20823"},{"taxonomy":"product_cat","embeddable":true,"href":"https:\/\/www.maisonsignore.it\/en\/wp-json\/wp\/v2\/product_cat?post=20823"},{"taxonomy":"product_tag","embeddable":true,"href":"https:\/\/www.maisonsignore.it\/en\/wp-json\/wp\/v2\/product_tag?post=20823"}],"curies":[{"name":"wp","href":"https:\/\/api.w.org\/{rel}","templated":true}]}}