{"id":21197,"date":"2025-08-04T09:23:57","date_gmt":"2025-08-04T09:23:57","guid":{"rendered":"https:\/\/www.maisonsignore.it\/?post_type=product&#038;p=21197"},"modified":"2025-11-05T14:48:22","modified_gmt":"2025-11-05T14:48:22","slug":"mizuki","status":"publish","type":"product","link":"https:\/\/www.maisonsignore.it\/en\/prodotto\/mizuki\/","title":{"rendered":"Mizuki"},"content":{"rendered":"<p>[et_pb_section fb_built=&#8221;1&#8243; disabled_on=&#8221;off|off|off&#8221; _builder_version=&#8221;4.27.0&#8243; custom_padding=&#8221;0px||||false|false&#8221; global_colors_info=&#8221;{}&#8221; theme_builder_area=&#8221;post_content&#8221;][et_pb_row _builder_version=&#8221;4.27.0&#8243; background_size=&#8221;initial&#8221; background_position=&#8221;top_left&#8221; background_repeat=&#8221;repeat&#8221; width=&#8221;100%&#8221; width_tablet=&#8221;100%&#8221; width_phone=&#8221;80%&#8221; width_last_edited=&#8221;on|phone&#8221; custom_margin=&#8221;||||false|false&#8221; custom_padding=&#8221;0px||0px||false|false&#8221; global_colors_info=&#8221;{}&#8221; theme_builder_area=&#8221;post_content&#8221;][et_pb_column type=&#8221;4_4&#8243; _builder_version=&#8221;4.27.0&#8243; custom_padding=&#8221;|||&#8221; global_colors_info=&#8221;{}&#8221; custom_padding__hover=&#8221;|||&#8221; theme_builder_area=&#8221;post_content&#8221;][et_pb_wc_breadcrumb _builder_version=&#8221;4.16&#8243; global_colors_info=&#8221;{}&#8221; theme_builder_area=&#8221;post_content&#8221;][\/et_pb_wc_breadcrumb][\/et_pb_column][\/et_pb_row][et_pb_row column_structure=&#8221;1_2,1_2&#8243; disabled_on=&#8221;off|off|off&#8221; _builder_version=&#8221;4.27.0&#8243; background_size=&#8221;initial&#8221; background_position=&#8221;top_left&#8221; background_repeat=&#8221;repeat&#8221; width=&#8221;100%&#8221; custom_padding=&#8221;0px||||false|false&#8221; global_colors_info=&#8221;{}&#8221; theme_builder_area=&#8221;post_content&#8221;][et_pb_column type=&#8221;1_2&#8243; _builder_version=&#8221;4.27.0&#8243; custom_padding=&#8221;0px||||false|false&#8221; sticky_limit_top=&#8221;row&#8221; sticky_limit_bottom=&#8221;row&#8221; sticky_position_tablet=&#8221;none&#8221; sticky_position_phone=&#8221;none&#8221; sticky_position_last_edited=&#8221;off|desktop&#8221; global_colors_info=&#8221;{}&#8221; custom_padding__hover=&#8221;|||&#8221; theme_builder_area=&#8221;post_content&#8221;][et_pb_wc_images _builder_version=&#8221;4.27.0&#8243; global_colors_info=&#8221;{}&#8221; theme_builder_area=&#8221;post_content&#8221;][\/et_pb_wc_images][\/et_pb_column][et_pb_column type=&#8221;1_2&#8243; _builder_version=&#8221;4.27.0&#8243; custom_padding=&#8221;|||&#8221; custom_padding_tablet=&#8221;|||&#8221; custom_padding_phone=&#8221;|10vw||10vw|false|true&#8221; custom_padding_last_edited=&#8221;on|phone&#8221; global_colors_info=&#8221;{}&#8221; custom_padding__hover=&#8221;|||&#8221; theme_builder_area=&#8221;post_content&#8221;][et_pb_text _builder_version=&#8221;4.27.0&#8243; _dynamic_attributes=&#8221;content&#8221; _module_preset=&#8221;default&#8221; text_font=&#8221;Playfair Display||||||||&#8221; custom_margin=&#8221;0px||||false|false&#8221; custom_padding=&#8221;0px||0px||false|false&#8221; global_colors_info=&#8221;{}&#8221; theme_builder_area=&#8221;post_content&#8221;]@ET-DC@eyJkeW5hbWljIjp0cnVlLCJjb250ZW50IjoicG9zdF90YWdzIiwic2V0dGluZ3MiOnsiYmVmb3JlIjoiIiwiYWZ0ZXIiOiIiLCJsaW5rX3RvX3Rlcm1fcGFnZSI6Im9uIiwic2VwYXJhdG9yIjoiIHwgIiwiY2F0ZWdvcnlfdHlwZSI6InByb2R1Y3RfdGFnIiwiZW5hYmxlX2h0bWwiOiJvZmYifX0=@[\/et_pb_text][et_pb_wc_title _builder_version=&#8221;4.25.2&#8243; header_font=&#8221;Playfair Display||||||||&#8221; custom_margin=&#8221;-28px||||false|false&#8221; custom_padding=&#8221;0px||0px||false|false&#8221; global_colors_info=&#8221;{}&#8221; theme_builder_area=&#8221;post_content&#8221;][\/et_pb_wc_title][et_pb_text _builder_version=&#8221;4.27.0&#8243; _module_preset=&#8221;default&#8221; text_font=&#8221;Playfair Display||||||||&#8221; text_font_size=&#8221;15px&#8221; hover_enabled=&#8221;0&#8243; global_colors_info=&#8221;{}&#8221; theme_builder_area=&#8221;post_content&#8221; sticky_enabled=&#8221;0&#8243;]<\/p>\n<p>&#8220;L&#8217;amore non guarda con gli occhi, ma con l\u2019anima\u201d.<\/p>\n<p>C\u2019\u00e8 un filo invisibile che lega ogni donna al suo abito da sposa: \u00e8 il desiderio antico di sentirsi unica, eterna, protagonista. \u201cMinako\u201d \u00e8 la celebrazione perfetta di questo sentimento. Un abito che fonde il romanticismo classico con l\u2019eccellenza dell\u2019haute couture italiana, in una danza di pizzi e trasparenze che incantano, proprio come una melodia suonata sullo sfondo di Romeo e Giulietta. Dedicato a chi non accetta compromessi e sceglie il meglio: l\u2019alta moda bridal firmata Signore Priv\u00e9.<\/p>\n<p>[\/et_pb_text][et_pb_divider color=&#8221;#575757&#8243; _builder_version=&#8221;4.24.3&#8243; _module_preset=&#8221;default&#8221; global_colors_info=&#8221;{}&#8221; theme_builder_area=&#8221;post_content&#8221;][\/et_pb_divider][et_pb_text _builder_version=&#8221;4.27.0&#8243; _module_preset=&#8221;default&#8221; text_font=&#8221;Playfair Display||||||||&#8221; text_font_size=&#8221;15px&#8221; custom_margin=&#8221;-14px|||||&#8221; hover_enabled=&#8221;0&#8243; global_colors_info=&#8221;{}&#8221; theme_builder_area=&#8221;post_content&#8221; sticky_enabled=&#8221;0&#8243;]<\/p>\n<h2>Descrizione tecnica del capo<\/h2>\n<p>Minako \u00e8 un abito da sposa a principessa dallo stile romantico, pensato per chi desidera eleganza senza tempo e dettagli di assoluta raffinatezza. Realizzato interamente in pizzo rebrod\u00e8, esprime la preziosit\u00e0 tipica della collezione Priv\u00e9 con un equilibrio perfetto tra sensualit\u00e0 e delicatezza.<br \/>\nIl corpino strutturato effetto guepi\u00e8re disegna il busto in modo impeccabile, impreziosito da una scollatura a cuore che valorizza il d\u00e9collet\u00e9 e lascia le spalle scoperte con grazia. Le maniche lunghe in pizzo completano la parte superiore con un tocco di raffinatezza sofisticata.<br \/>\nLa gonna ampia, leggera e fluttuante, scivola al suolo con eleganza grazie al pizzo rebrod\u00e8 all-over e viene armonizzata da una cintura in vita che sottolinea la silhouette con grazia. Il retro dell\u2019abito rivela una scollatura dritta che esalta la schiena in maniera elegante e discreta, completando un design pensato per incantare da ogni angolazione.<\/p>\n<p>[\/et_pb_text][et_pb_divider color=&#8221;#575757&#8243; _builder_version=&#8221;4.24.3&#8243; _module_preset=&#8221;default&#8221; global_colors_info=&#8221;{}&#8221; theme_builder_area=&#8221;post_content&#8221;][\/et_pb_divider][et_pb_toggle title=&#8221;About Minako&#8221; open_toggle_background_color=&#8221;#FFFFFF&#8221; closed_toggle_background_color=&#8221;#FFFFFF&#8221; icon_color=&#8221;#575757&#8243; toggle_icon=&#8221;;||divi||400&#8243; use_icon_font_size=&#8221;on&#8221; icon_font_size=&#8221;24px&#8221; _builder_version=&#8221;4.27.0&#8243; _module_preset=&#8221;default&#8221; title_level=&#8221;h3&#8243; title_font=&#8221;Playfair Display||||||||&#8221; title_font_size=&#8221;22px&#8221; closed_title_font=&#8221;Playfair Display||||||||&#8221; body_font=&#8221;Playfair Display||||||||&#8221; custom_padding=&#8221;0px||||false|false&#8221; hover_enabled=&#8221;0&#8243; border_width_all=&#8221;0px&#8221; global_colors_info=&#8221;{}&#8221; theme_builder_area=&#8221;post_content&#8221; sticky_enabled=&#8221;0&#8243;]<\/p>\n<ul>\n<li aria-level=\"1\">Esalta spalle e punto vita con delicatezza e armonia.<\/li>\n<li aria-level=\"1\">Effetto modellante sul busto, aiuta a valorizzare le curve e accarezza i fianchi.<\/li>\n<li aria-level=\"1\">Perfetto per silhouette curvy e per chi desidera mettere in risalto il punto vita.<\/li>\n<li aria-level=\"1\">Adatto a tutte le stagioni, grazie alla leggerezza del tessuto e alla copertura delle maniche.<\/li>\n<li aria-level=\"1\">Ideale per cerimonie diurne, dove la luce naturale esalta ogni dettaglio del pizzo.<\/li>\n<li aria-level=\"1\">Totalmente personalizzabile: ogni elemento pu\u00f2 essere adattato su misura con l\u2019aiuto del nostro ufficio stile, durante una consulenza privata.<\/li>\n<\/ul>\n<p>[\/et_pb_toggle][et_pb_divider color=&#8221;#575757&#8243; _builder_version=&#8221;4.24.3&#8243; _module_preset=&#8221;default&#8221; global_colors_info=&#8221;{}&#8221; theme_builder_area=&#8221;post_content&#8221;][\/et_pb_divider][et_pb_text _builder_version=&#8221;4.27.0&#8243; _module_preset=&#8221;default&#8221; text_font=&#8221;Playfair Display||||||||&#8221; text_font_size=&#8221;15px&#8221; hover_enabled=&#8221;0&#8243; global_colors_info=&#8221;{}&#8221; theme_builder_area=&#8221;post_content&#8221; sticky_enabled=&#8221;0&#8243;]<\/p>\n<h2>Perch\u00e9 sceglierlo?<\/h2>\n<p>Se desideri indossare il meglio del made in Italy e sentirti protagonista assoluta del tuo giorno pi\u00f9 bello, Minako \u00e8 la scelta giusta per te.<br \/>\nPrenota ora una consulenza esclusiva con il nostro atelier.<\/p>\n<p>[\/et_pb_text][et_pb_divider color=&#8221;#575757&#8243; _builder_version=&#8221;4.27.0&#8243; _module_preset=&#8221;default&#8221; global_colors_info=&#8221;{}&#8221; theme_builder_area=&#8221;post_content&#8221;][\/et_pb_divider][et_pb_wc_price _builder_version=&#8221;4.16&#8243; global_colors_info=&#8221;{}&#8221; theme_builder_area=&#8221;post_content&#8221;][\/et_pb_wc_price][et_pb_wc_description _builder_version=&#8221;4.16&#8243; global_colors_info=&#8221;{}&#8221; theme_builder_area=&#8221;post_content&#8221;][\/et_pb_wc_description][et_pb_toggle title=&#8221;We suggest this wedding dress if you want:&#8221; open_toggle_background_color=&#8221;#FFFFFF&#8221; closed_toggle_background_color=&#8221;#FFFFFF&#8221; icon_color=&#8221;#575757&#8243; toggle_icon=&#8221;;||divi||400&#8243; use_icon_font_size=&#8221;on&#8221; icon_font_size=&#8221;24px&#8221; _builder_version=&#8221;4.27.0&#8243; _module_preset=&#8221;default&#8221; title_font=&#8221;Playfair Display||||||||&#8221; title_font_size=&#8221;25px&#8221; closed_title_font=&#8221;Playfair Display||||||||&#8221; body_font=&#8221;Playfair Display||||||||&#8221; custom_padding=&#8221;0px||||false|false&#8221; hover_enabled=&#8221;0&#8243; border_width_all=&#8221;0px&#8221; global_colors_info=&#8221;{}&#8221; theme_builder_area=&#8221;post_content&#8221; sticky_enabled=&#8221;0&#8243;]<\/p>\n<ul>\n<li aria-level=\"1\">abito ampio in pizzo con manica lunga;<\/li>\n<li aria-level=\"1\">abito da sposa a redingote in pizzo rebrod\u00e8 e fascia in vita;<\/li>\n<li aria-level=\"1\">abito da sposa a principessa romantico in pizzo.<\/li>\n<\/ul>\n<p>[\/et_pb_toggle][et_pb_wc_add_to_cart _builder_version=&#8221;4.16&#8243; global_colors_info=&#8221;{}&#8221; theme_builder_area=&#8221;post_content&#8221;][\/et_pb_wc_add_to_cart][\/et_pb_column][\/et_pb_row][et_pb_row disabled_on=&#8221;off|off|off&#8221; _builder_version=&#8221;4.27.0&#8243; _module_preset=&#8221;default&#8221; global_module=&#8221;19742&#8243; saved_tabs=&#8221;all&#8221; global_colors_info=&#8221;{}&#8221; theme_builder_area=&#8221;post_content&#8221;][et_pb_column type=&#8221;4_4&#8243; _builder_version=&#8221;4.27.0&#8243; _module_preset=&#8221;default&#8221; global_colors_info=&#8221;{}&#8221; theme_builder_area=&#8221;post_content&#8221;][et_pb_heading title=&#8221;Book an appointment&#8221; _builder_version=&#8221;4.27.0&#8243; _module_preset=&#8221;default&#8221; title_level=&#8221;h2&#8243; title_font=&#8221;|||on|||||&#8221; title_font_size=&#8221;24px&#8221; global_colors_info=&#8221;{}&#8221; theme_builder_area=&#8221;post_content&#8221;][\/et_pb_heading][et_pb_code module_class=&#8221;form-maisonsignore&#8221; _builder_version=&#8221;4.27.0&#8243; _module_preset=&#8221;default&#8221; custom_padding=&#8221;0px||0px||true|false&#8221; global_colors_info=&#8221;{}&#8221; theme_builder_area=&#8221;post_content&#8221;]<script charset=\"utf-8\" type=\"text\/javascript\" src=\"\/\/js-eu1.hsforms.net\/forms\/embed\/v2.js\"><\/script><!-- [et_pb_line_break_holder] --><script><!-- [et_pb_line_break_holder] -->  hbspt.forms.create({<!-- [et_pb_line_break_holder] -->    region: \"eu1\",<!-- [et_pb_line_break_holder] -->    portalId: \"146322093\",<!-- [et_pb_line_break_holder] -->    formId: \"6db36ffd-7612-475e-9a90-2934e5715163\",<!-- [et_pb_line_break_holder] -->    onFormReady: function($form) {<!-- [et_pb_line_break_holder] -->      \/\/ Inserisce uno stile direttamente dentro l'iframe del form<!-- [et_pb_line_break_holder] -->      var styles = `<!-- [et_pb_line_break_holder] -->        \/* Stile per i CAMPI DI INPUT *\/<!-- [et_pb_line_break_holder] -->        input[type=\"text\"], input[type=\"email\"], input[type=\"tel\"], input[type=\"date\"] {<!-- [et_pb_line_break_holder] -->          background-color: #F0F0F0 !important;<!-- [et_pb_line_break_holder] -->          border: none !important;<!-- [et_pb_line_break_holder] -->          border-radius: 5px !important;<!-- [et_pb_line_break_holder] -->          height: 50px !important;<!-- [et_pb_line_break_holder] -->          padding: 10px 20px !important;<!-- [et_pb_line_break_holder] -->        }<!-- [et_pb_line_break_holder] --><!-- [et_pb_line_break_holder] -->        \/* Nascondi le etichette, usa solo il placeholder *\/<!-- [et_pb_line_break_holder] -->        label.hs-label {<!-- [et_pb_line_break_holder] -->           display: none !important;<!-- [et_pb_line_break_holder] -->        }<!-- [et_pb_line_break_holder] --><!-- [et_pb_line_break_holder] -->        \/* Contenitore del pulsante per allinearlo a destra *\/<!-- [et_pb_line_break_holder] -->        .hs-submit {<!-- [et_pb_line_break_holder] -->          text-align: right !important;<!-- [et_pb_line_break_holder] -->          padding-top: 15px !important;<!-- [et_pb_line_break_holder] -->        }<!-- [et_pb_line_break_holder] --><!-- [et_pb_line_break_holder] -->        \/* Stile per il PULSANTE DI INVIO *\/<!-- [et_pb_line_break_holder] -->        .hs-button {<!-- [et_pb_line_break_holder] -->          background-color: #585858 !important;<!-- [et_pb_line_break_holder] -->          color: #FFFFFF !important;<!-- [et_pb_line_break_holder] -->          border-radius: 50px !important;<!-- [et_pb_line_break_holder] -->          padding: 12px 35px !important;<!-- [et_pb_line_break_holder] -->          text-transform: uppercase !important;<!-- [et_pb_line_break_holder] -->          font-weight: 600 !important;<!-- [et_pb_line_break_holder] -->          font-size: 14px !important;<!-- [et_pb_line_break_holder] -->        }<!-- [et_pb_line_break_holder] --><!-- [et_pb_line_break_holder] -->        \/* Stile per la checkbox della privacy *\/<!-- [et_pb_line_break_holder] -->        .hs-form-booleancheckbox-display {<!-- [et_pb_line_break_holder] -->           color: #555 !important;<!-- [et_pb_line_break_holder] -->           font-size: 14px !important;<!-- [et_pb_line_break_holder] -->        }<!-- [et_pb_line_break_holder] -->        input[type=\"checkbox\"] {<!-- [et_pb_line_break_holder] -->           background-color: #F0F0F0 !important;<!-- [et_pb_line_break_holder] -->        }<!-- [et_pb_line_break_holder] -->      `;<!-- [et_pb_line_break_holder] -->      var styleSheet = document.createElement(\"style\");<!-- [et_pb_line_break_holder] -->      styleSheet.type = \"text\/css\";<!-- [et_pb_line_break_holder] -->      styleSheet.innerText = styles;<!-- [et_pb_line_break_holder] -->      \/\/ Applica lo stile all'iframe<!-- [et_pb_line_break_holder] -->      $form.closest('body').parent().find('head').append(styleSheet);<!-- [et_pb_line_break_holder] -->    }<!-- [et_pb_line_break_holder] -->  });<!-- [et_pb_line_break_holder] --><\/script>[\/et_pb_code][\/et_pb_column][\/et_pb_row][et_pb_row disabled_on=&#8221;on|on|off&#8221; _builder_version=&#8221;4.25.2&#8243; _module_preset=&#8221;default&#8221; global_colors_info=&#8221;{}&#8221; theme_builder_area=&#8221;post_content&#8221;][et_pb_column type=&#8221;4_4&#8243; _builder_version=&#8221;4.25.2&#8243; _module_preset=&#8221;default&#8221; global_colors_info=&#8221;{}&#8221; theme_builder_area=&#8221;post_content&#8221;][et_pb_wc_related_products _builder_version=&#8221;4.25.2&#8243; _module_preset=&#8221;default&#8221; global_colors_info=&#8221;{}&#8221; theme_builder_area=&#8221;post_content&#8221;][\/et_pb_wc_related_products][\/et_pb_column][\/et_pb_row][\/et_pb_section]<\/p>\n","protected":false},"excerpt":{"rendered":"<p>&#8220;L&#8217;amore non guarda con gli occhi, ma con l\u2019anima\u201d. C\u2019\u00e8 un filo invisibile che lega ogni donna al suo abito da sposa: \u00e8 il desiderio antico di sentirsi unica, eterna, protagonista. \u201cMinako\u201d \u00e8 la celebrazione perfetta di questo sentimento. Un abito che fonde il romanticismo classico con l\u2019eccellenza dell\u2019haute couture italiana, in una danza di [&hellip;]<\/p>\n","protected":false},"featured_media":20414,"comment_status":"open","ping_status":"closed","template":"","meta":{"_acf_changed":false,"_et_pb_use_builder":"on","_et_pb_old_content":"","_et_gb_content_width":""},"product_brand":[],"product_cat":[298],"product_tag":[224,223],"class_list":{"0":"post-21197","1":"product","2":"type-product","3":"status-publish","4":"has-post-thumbnail","6":"product_cat-prive","7":"product_tag-lace","8":"product_tag-princess-dress","10":"first","11":"instock","12":"shipping-taxable","13":"product-type-simple"},"acf":[],"yoast_head":"<!-- This site is optimized with the Yoast SEO plugin v27.4 - https:\/\/yoast.com\/product\/yoast-seo-wordpress\/ -->\n<title>Mizuki - Maison Signore<\/title>\n<meta name=\"robots\" content=\"index, follow, max-snippet:-1, max-image-preview:large, max-video-preview:-1\" \/>\n<link rel=\"canonical\" href=\"https:\/\/www.maisonsignore.it\/en\/prodotto\/mizuki\/\" \/>\n<meta property=\"og:locale\" content=\"en_US\" \/>\n<meta property=\"og:type\" content=\"article\" \/>\n<meta property=\"og:title\" content=\"Mizuki - Maison Signore\" \/>\n<meta property=\"og:description\" content=\"&quot;L&#039;amore non guarda con gli occhi, ma con l\u2019anima\u201d. C\u2019\u00e8 un filo invisibile che lega ogni donna al suo abito da sposa: \u00e8 il desiderio antico di sentirsi unica, eterna, protagonista. \u201cMinako\u201d \u00e8 la celebrazione perfetta di questo sentimento. Un abito che fonde il romanticismo classico con l\u2019eccellenza dell\u2019haute couture italiana, in una danza di [&hellip;]\" \/>\n<meta property=\"og:url\" content=\"https:\/\/www.maisonsignore.it\/en\/prodotto\/mizuki\/\" \/>\n<meta property=\"og:site_name\" content=\"Maison Signore\" \/>\n<meta property=\"article:modified_time\" content=\"2025-11-05T14:48:22+00:00\" \/>\n<meta property=\"og:image\" content=\"https:\/\/www.maisonsignore.it\/wp-content\/uploads\/2025\/08\/MIZUKI-1.png\" \/>\n\t<meta property=\"og:image:width\" content=\"600\" \/>\n\t<meta property=\"og:image:height\" content=\"900\" \/>\n\t<meta property=\"og:image:type\" content=\"image\/png\" \/>\n<meta name=\"twitter:card\" content=\"summary_large_image\" \/>\n<meta name=\"twitter:label1\" content=\"Est. reading time\" \/>\n\t<meta name=\"twitter:data1\" content=\"7 minutes\" \/>\n<script type=\"application\/ld+json\" class=\"yoast-schema-graph\">{\"@context\":\"https:\\\/\\\/schema.org\",\"@graph\":[{\"@type\":\"WebPage\",\"@id\":\"https:\\\/\\\/www.maisonsignore.it\\\/en\\\/prodotto\\\/mizuki\\\/\",\"url\":\"https:\\\/\\\/www.maisonsignore.it\\\/en\\\/prodotto\\\/mizuki\\\/\",\"name\":\"Mizuki - Maison Signore\",\"isPartOf\":{\"@id\":\"https:\\\/\\\/www.maisonsignore.it\\\/en\\\/#website\"},\"primaryImageOfPage\":{\"@id\":\"https:\\\/\\\/www.maisonsignore.it\\\/en\\\/prodotto\\\/mizuki\\\/#primaryimage\"},\"image\":{\"@id\":\"https:\\\/\\\/www.maisonsignore.it\\\/en\\\/prodotto\\\/mizuki\\\/#primaryimage\"},\"thumbnailUrl\":\"https:\\\/\\\/www.maisonsignore.it\\\/wp-content\\\/uploads\\\/2025\\\/08\\\/MIZUKI-1.png\",\"datePublished\":\"2025-08-04T09:23:57+00:00\",\"dateModified\":\"2025-11-05T14:48:22+00:00\",\"breadcrumb\":{\"@id\":\"https:\\\/\\\/www.maisonsignore.it\\\/en\\\/prodotto\\\/mizuki\\\/#breadcrumb\"},\"inLanguage\":\"en-US\",\"potentialAction\":[{\"@type\":\"ReadAction\",\"target\":[\"https:\\\/\\\/www.maisonsignore.it\\\/en\\\/prodotto\\\/mizuki\\\/\"]}]},{\"@type\":\"ImageObject\",\"inLanguage\":\"en-US\",\"@id\":\"https:\\\/\\\/www.maisonsignore.it\\\/en\\\/prodotto\\\/mizuki\\\/#primaryimage\",\"url\":\"https:\\\/\\\/www.maisonsignore.it\\\/wp-content\\\/uploads\\\/2025\\\/08\\\/MIZUKI-1.png\",\"contentUrl\":\"https:\\\/\\\/www.maisonsignore.it\\\/wp-content\\\/uploads\\\/2025\\\/08\\\/MIZUKI-1.png\",\"width\":600,\"height\":900},{\"@type\":\"BreadcrumbList\",\"@id\":\"https:\\\/\\\/www.maisonsignore.it\\\/en\\\/prodotto\\\/mizuki\\\/#breadcrumb\",\"itemListElement\":[{\"@type\":\"ListItem\",\"position\":1,\"name\":\"Home\",\"item\":\"https:\\\/\\\/www.maisonsignore.it\\\/en\\\/\"},{\"@type\":\"ListItem\",\"position\":2,\"name\":\"Shop\",\"item\":\"https:\\\/\\\/www.maisonsignore.it\\\/en\\\/shop\\\/\"},{\"@type\":\"ListItem\",\"position\":3,\"name\":\"Mizuki\"}]},{\"@type\":\"WebSite\",\"@id\":\"https:\\\/\\\/www.maisonsignore.it\\\/en\\\/#website\",\"url\":\"https:\\\/\\\/www.maisonsignore.it\\\/en\\\/\",\"name\":\"Maison Signore\",\"description\":\"\",\"potentialAction\":[{\"@type\":\"SearchAction\",\"target\":{\"@type\":\"EntryPoint\",\"urlTemplate\":\"https:\\\/\\\/www.maisonsignore.it\\\/en\\\/?s={search_term_string}\"},\"query-input\":{\"@type\":\"PropertyValueSpecification\",\"valueRequired\":true,\"valueName\":\"search_term_string\"}}],\"inLanguage\":\"en-US\"}]}<\/script>\n<!-- \/ Yoast SEO plugin. -->","yoast_head_json":{"title":"Mizuki - Maison Signore","robots":{"index":"index","follow":"follow","max-snippet":"max-snippet:-1","max-image-preview":"max-image-preview:large","max-video-preview":"max-video-preview:-1"},"canonical":"https:\/\/www.maisonsignore.it\/en\/prodotto\/mizuki\/","og_locale":"en_US","og_type":"article","og_title":"Mizuki - Maison Signore","og_description":"\"L'amore non guarda con gli occhi, ma con l\u2019anima\u201d. C\u2019\u00e8 un filo invisibile che lega ogni donna al suo abito da sposa: \u00e8 il desiderio antico di sentirsi unica, eterna, protagonista. \u201cMinako\u201d \u00e8 la celebrazione perfetta di questo sentimento. Un abito che fonde il romanticismo classico con l\u2019eccellenza dell\u2019haute couture italiana, in una danza di [&hellip;]","og_url":"https:\/\/www.maisonsignore.it\/en\/prodotto\/mizuki\/","og_site_name":"Maison Signore","article_modified_time":"2025-11-05T14:48:22+00:00","og_image":[{"width":600,"height":900,"url":"https:\/\/www.maisonsignore.it\/wp-content\/uploads\/2025\/08\/MIZUKI-1.png","type":"image\/png"}],"twitter_card":"summary_large_image","twitter_misc":{"Est. reading time":"7 minutes"},"schema":{"@context":"https:\/\/schema.org","@graph":[{"@type":"WebPage","@id":"https:\/\/www.maisonsignore.it\/en\/prodotto\/mizuki\/","url":"https:\/\/www.maisonsignore.it\/en\/prodotto\/mizuki\/","name":"Mizuki - Maison Signore","isPartOf":{"@id":"https:\/\/www.maisonsignore.it\/en\/#website"},"primaryImageOfPage":{"@id":"https:\/\/www.maisonsignore.it\/en\/prodotto\/mizuki\/#primaryimage"},"image":{"@id":"https:\/\/www.maisonsignore.it\/en\/prodotto\/mizuki\/#primaryimage"},"thumbnailUrl":"https:\/\/www.maisonsignore.it\/wp-content\/uploads\/2025\/08\/MIZUKI-1.png","datePublished":"2025-08-04T09:23:57+00:00","dateModified":"2025-11-05T14:48:22+00:00","breadcrumb":{"@id":"https:\/\/www.maisonsignore.it\/en\/prodotto\/mizuki\/#breadcrumb"},"inLanguage":"en-US","potentialAction":[{"@type":"ReadAction","target":["https:\/\/www.maisonsignore.it\/en\/prodotto\/mizuki\/"]}]},{"@type":"ImageObject","inLanguage":"en-US","@id":"https:\/\/www.maisonsignore.it\/en\/prodotto\/mizuki\/#primaryimage","url":"https:\/\/www.maisonsignore.it\/wp-content\/uploads\/2025\/08\/MIZUKI-1.png","contentUrl":"https:\/\/www.maisonsignore.it\/wp-content\/uploads\/2025\/08\/MIZUKI-1.png","width":600,"height":900},{"@type":"BreadcrumbList","@id":"https:\/\/www.maisonsignore.it\/en\/prodotto\/mizuki\/#breadcrumb","itemListElement":[{"@type":"ListItem","position":1,"name":"Home","item":"https:\/\/www.maisonsignore.it\/en\/"},{"@type":"ListItem","position":2,"name":"Shop","item":"https:\/\/www.maisonsignore.it\/en\/shop\/"},{"@type":"ListItem","position":3,"name":"Mizuki"}]},{"@type":"WebSite","@id":"https:\/\/www.maisonsignore.it\/en\/#website","url":"https:\/\/www.maisonsignore.it\/en\/","name":"Maison Signore","description":"","potentialAction":[{"@type":"SearchAction","target":{"@type":"EntryPoint","urlTemplate":"https:\/\/www.maisonsignore.it\/en\/?s={search_term_string}"},"query-input":{"@type":"PropertyValueSpecification","valueRequired":true,"valueName":"search_term_string"}}],"inLanguage":"en-US"}]}},"_links":{"self":[{"href":"https:\/\/www.maisonsignore.it\/en\/wp-json\/wp\/v2\/product\/21197","targetHints":{"allow":["GET"]}}],"collection":[{"href":"https:\/\/www.maisonsignore.it\/en\/wp-json\/wp\/v2\/product"}],"about":[{"href":"https:\/\/www.maisonsignore.it\/en\/wp-json\/wp\/v2\/types\/product"}],"replies":[{"embeddable":true,"href":"https:\/\/www.maisonsignore.it\/en\/wp-json\/wp\/v2\/comments?post=21197"}],"wp:featuredmedia":[{"embeddable":true,"href":"https:\/\/www.maisonsignore.it\/en\/wp-json\/wp\/v2\/media\/20414"}],"wp:attachment":[{"href":"https:\/\/www.maisonsignore.it\/en\/wp-json\/wp\/v2\/media?parent=21197"}],"wp:term":[{"taxonomy":"product_brand","embeddable":true,"href":"https:\/\/www.maisonsignore.it\/en\/wp-json\/wp\/v2\/product_brand?post=21197"},{"taxonomy":"product_cat","embeddable":true,"href":"https:\/\/www.maisonsignore.it\/en\/wp-json\/wp\/v2\/product_cat?post=21197"},{"taxonomy":"product_tag","embeddable":true,"href":"https:\/\/www.maisonsignore.it\/en\/wp-json\/wp\/v2\/product_tag?post=21197"}],"curies":[{"name":"wp","href":"https:\/\/api.w.org\/{rel}","templated":true}]}}